{"id":270,"date":"2025-04-27T20:16:57","date_gmt":"2025-04-27T20:16:57","guid":{"rendered":"https:\/\/knopper-steuerberatung.at\/?page_id=270"},"modified":"2026-02-25T04:58:58","modified_gmt":"2026-02-25T04:58:58","slug":"impressum-datenschutz-agb","status":"publish","type":"page","link":"https:\/\/knopper-steuerberatung.at\/?page_id=270","title":{"rendered":"Impressum Datenschutz &amp; AGB"},"content":{"rendered":"\t\t<div data-elementor-type=\"wp-page\" data-elementor-id=\"270\" class=\"elementor elementor-270\" data-elementor-post-type=\"page\">\n\t\t\t\t<div class=\"elementor-element elementor-element-b40872f e-flex e-con-boxed e-con e-parent\" data-id=\"b40872f\" data-element_type=\"container\" data-e-type=\"container\">\n\t\t\t\t\t<div class=\"e-con-inner\">\n\t\t\t\t\t<\/div>\n\t\t\t\t<\/div>\n\t\t<div class=\"elementor-element elementor-element-01475c3 e-flex e-con-boxed e-con e-parent\" data-id=\"01475c3\" data-element_type=\"container\" data-e-type=\"container\">\n\t\t\t\t\t<div class=\"e-con-inner\">\n\t\t<div class=\"elementor-element elementor-element-5d877a2 e-con-full e-flex e-con e-child\" data-id=\"5d877a2\" data-element_type=\"container\" data-e-type=\"container\">\n\t\t\t\t<div class=\"elementor-element elementor-element-ff3592e elementor-widget elementor-widget-heading\" data-id=\"ff3592e\" data-element_type=\"widget\" data-e-type=\"widget\" data-widget_type=\"heading.default\">\n\t\t\t\t<div class=\"elementor-widget-container\">\n\t\t\t\t\t<h2 class=\"elementor-heading-title elementor-size-default\">Impressum<\/h2>\t\t\t\t<\/div>\n\t\t\t\t<\/div>\n\t\t\t\t<\/div>\n\t\t<div class=\"elementor-element elementor-element-42d2f8d e-con-full e-flex e-con e-child\" data-id=\"42d2f8d\" data-element_type=\"container\" data-e-type=\"container\">\n\t\t\t\t<div class=\"elementor-element elementor-element-3c4d080 elementor-widget elementor-widget-text-editor\" data-id=\"3c4d080\" data-element_type=\"widget\" data-e-type=\"widget\" data-widget_type=\"text-editor.default\">\n\t\t\t\t<div class=\"elementor-widget-container\">\n\t\t\t\t\t\t\t\t\t<p>Offenlegung gem\u00e4\u00df \u00a7 5 E-Commerce-Gesetz<\/p><p>Steuerberater und Wirtschaftsreuh\u00e4nder<br \/>MMag. Martin Knopper<\/p><p>Grieskai 56<br \/>8020 Graz<\/p><p>Unternehmensform: Einzelunternehmen<\/p><p>Gerichtsstand Graz<\/p><p>Tel.: +43\u00a0316 38 60 97<br \/>WT-Code: 230061<br \/>UID: ATU79946025<\/p><p>Kammerzugeh\u00f6rigkeit: Kammer der Steuerberater:innen und Wirtschatspr\u00fcfer:innen<br \/>Standesrecht: WTBG 2017, abrufbar unter <a href=\"http:\/\/www.ris.bka.gv.at\/\">www.ris.bka.gv.at<\/a><\/p><p>Die Webseite beinhaltet unpolitische Informationen, die das Steuer, Sozial- und Wirtschaftsrecht zum Inhalt haben und die sich vorwiegend an Interessent:innenen und\/oder Mandant:innen der Kanzlei richten.<\/p>\t\t\t\t\t\t\t\t<\/div>\n\t\t\t\t<\/div>\n\t\t\t\t<\/div>\n\t\t\t\t\t<\/div>\n\t\t\t\t<\/div>\n\t\t<div class=\"elementor-element elementor-element-35244a7 e-flex e-con-boxed e-con e-parent\" data-id=\"35244a7\" data-element_type=\"container\" data-e-type=\"container\">\n\t\t\t\t\t<div class=\"e-con-inner\">\n\t\t<div class=\"elementor-element elementor-element-58237d8 e-con-full e-flex e-con e-child\" data-id=\"58237d8\" data-element_type=\"container\" data-e-type=\"container\">\n\t\t\t\t<div class=\"elementor-element elementor-element-3d845a8 elementor-widget elementor-widget-heading\" data-id=\"3d845a8\" data-element_type=\"widget\" data-e-type=\"widget\" data-widget_type=\"heading.default\">\n\t\t\t\t<div class=\"elementor-widget-container\">\n\t\t\t\t\t<h2 class=\"elementor-heading-title elementor-size-default\">Datenschutzerkl\u00e4rung<\/h2>\t\t\t\t<\/div>\n\t\t\t\t<\/div>\n\t\t\t\t<\/div>\n\t\t<div class=\"elementor-element elementor-element-a6e0cc9 e-con-full e-flex e-con e-child\" data-id=\"a6e0cc9\" data-element_type=\"container\" data-e-type=\"container\">\n\t\t\t\t<div class=\"elementor-element elementor-element-a98a7ec elementor-widget elementor-widget-text-editor\" data-id=\"a98a7ec\" data-element_type=\"widget\" data-e-type=\"widget\" data-widget_type=\"text-editor.default\">\n\t\t\t\t<div class=\"elementor-widget-container\">\n\t\t\t\t\t\t\t\t\t<div><h3>Datenschutzerkl\u00e4rung<\/h3><\/div><div class=\"jw-element-accordion__content\"><div class=\"jw-element-accordion__content-wrap\"><p>Der Schutz Ihrer pers\u00f6nlichen Daten ist uns ein besonderes Anliegen. Wir verarbeiten Ihre Daten daher ausschlie\u00dflich auf Grundlage der gesetzlichen Bestimmungen (DSGVO, TKG 2003). In diesen Datenschutzinformationen informieren wir Sie \u00fcber die wichtigsten Aspekte der Datenverarbeitung im Rahmen unserer Website.<\/p><p>Sofern innerhalb des Internetangebotes die M\u00f6glichkeit zur Eingabe pers\u00f6nlicher oder gesch\u00e4ftlicher Daten (E-Mail-Adressen, Namen, Anschriften) besteht, so erfolgt die Preisgabe dieser Daten seitens des Nutzers auf ausdr\u00fccklich freiwilliger Basis. Die Inanspruchnahme und Bezahlung aller angebotenen Dienste ist \u2013 soweit technisch m\u00f6glich und zumutbar \u2013 auch ohne Angabe solcher Daten bzw. unter Angabe anonymisierter Daten oder eines Pseudonyms gestattet. Die Nutzung der im Rahmen des Impressums oder vergleichbarer Angaben ver\u00f6ffentlichten Kontaktdaten wie Postanschriften, Telefon- und Faxnummern sowie E-Mail- Adressen durch Dritte zur \u00dcbersendung von nicht ausdr\u00fccklich angeforderten Informationen ist nicht gestattet. Rechtliche Schritte gegen die Versender von so genannten Spam-Mails bei Verst\u00f6\u00dfen gegen dieses Verbot sind ausdr\u00fccklich vorbehalten.<\/p><p><strong>Allgemeine Erfassung bei Zugriffen<\/strong><\/p><p>Wir erfassen mit jedem Aufruf der Internetseite durch eine betroffene Person oder ein automatisiertes System eine Reihe von allgemeinen Daten und Informationen. Diese allgemeinen Daten und Informationen werden in den Logfiles des Servers gespeichert. Erfasst werden:<\/p><ul><li>eine Internet-Protokoll-Adresse (IP-Adresse),<\/li><li>das Datum und die Uhrzeit des Zugriffs auf die Internetseite,<\/li><li>die genaue Unterseite, die auf unserer Internetseite angesteuert wurde,<\/li><li>die Internetseite, von welcher Sie auf unsere Internetseite gelangt sind (sogenannte Referer),<\/li><li>der verwendete Browser und dessen Version,<\/li><li>und das f\u00fcr den Zugriff verwendete Betriebssystem.<\/li><\/ul><p>Die genannten Daten werden durch uns zu folgenden Zwecken verarbeitet:<\/p><ul><li>um einen reibungslosen Verbindungsaufbau der Internetseite zu gew\u00e4hrleisten,<\/li><li>um Inhalte unserer Internetseite f\u00fcr Sie zu optimieren,<\/li><li>und um die Systemsicherheit und Stabilit\u00e4t zu gew\u00e4hrleisten.<\/li><\/ul><p>Diese Punkte liegen in Ihrem und unserem berechtigten Interesse. Daneben verwenden wir diese Daten gegebenenfalls auch, um unseren rechtlichen Verpflichtungen in der Zusammenarbeit mit Strafverfolgungsbeh\u00f6rden nachzukommen. In keinem Fall verwenden wir die erhobenen Daten zu dem Zweck, R\u00fcckschl\u00fcsse auf Ihre Person zu ziehen. Die Rechtsgrundlage f\u00fcr die Datenverarbeitung ist Artikel 6 Abs. 1 lit. f DSGVO. Die Speicherdauer dieser Logfiles betr\u00e4gt 2 Monate.<\/p><p><strong>Google Maps<\/strong><\/p><p>Diese Seite nutzt \u00fcber eine API den Kartendienst Google Maps. Anbieter ist die Google Ireland Limited, Gordon House, Barrow Street, Dublin 4, Irland. Zur Nutzung der Funktionen von Google Maps ist es notwendig, Ihre IP Adresse zu speichern. Diese Informationen werden in der Regel an einen Server von Google in den USA \u00fcbertragen und dort gespeichert. Der Anbieter dieser Seite hat keinen Einfluss auf diese Daten\u00fcbertragung. Die Nutzung von Google Maps erfolgt im Interesse einer ansprechenden Darstellung unserer Online-Angebote und an einer leichten Auffindbarkeit der von uns auf der Website angegebenen Orte. Dies stellt ein berechtigtes Interesse im Sinne von Art. 6 Abs. 1 lit. f DSGVO dar.<\/p><p>Mehr Informationen zum Umgang mit Nutzerdaten finden Sie in der Datenschutzerkl\u00e4rung von Google.<\/p><p><strong>Google Analytics<\/strong><\/p><p>Diese Website benutzt Google Analytics, einen Webanalysedienst der Google Inc. (\u201cGoogle\u201d) Google Analytics verwendet sog. \u201cCookies\u201d, Textdateien, die auf Ihrem Computer gespeichert werden und die eine Analyse der Benutzung der Website durch Sie erm\u00f6glicht. Die durch den Cookie erzeugten Informationen \u00fcber Ihre Benutzung diese Website (einschlie\u00dflich Ihrer IPAdresse) wird an einen Server von Google in den USA \u00fcbertragen und dort gespeichert. Google wird diese Informationen benutzen, um Ihre Nutzung der Website auszuwerten, um Reports \u00fcber die Websiteaktivit\u00e4ten f\u00fcr die Websitebetreiber zusammenzustellen und um weitere mit der Websitenutzung und der Internetnutzung verbundene Dienstleistungen zu erbringen. Auch wird Google diese Informationen gegebenenfalls an Dritte \u00fcbertragen, sofern dies gesetzlich vorgeschrieben oder soweit Dritte diese Daten im Auftrag von Google verarbeiten. Google wird in keinem Fall Ihre IP-Adresse mit anderen Daten der Google in Verbindung bringen. Sie k\u00f6nnen die Installation der Cookies durch eine entsprechende Einstellung Ihrer Browser Software verhindern; wir weisen Sie jedoch darauf hin, dass Sie in diesem Fall gegebenenfalls nicht s\u00e4mtliche Funktionen dieser Website voll umf\u00e4nglich nutzen k\u00f6nnen. Durch die Nutzung dieser Website erkl\u00e4ren Sie sich mit der Bearbeitung der \u00fcber Sie erhobenen Daten durch Google in der zuvor beschriebenen Art und Weise und zu dem zuvor benannten Zweck einverstanden.<\/p><p><strong>Ihre Rechte<\/strong><\/p><p>Ihnen stehen grunds\u00e4tzlich die Rechte auf Auskunft, Berichtigung oder L\u00f6schung, Einschr\u00e4nkung der Verarbeitung, Daten\u00fcbertragbarkeit, Widerruf und Widerspruch gegen die Verarbeitung zu. Wenn Sie glauben, dass die Verarbeitung Ihrer Daten gegen das Datenschutzrecht verst\u00f6\u00dft oder Ihre datenschutzrechtlichen Anspr\u00fcche sonst in einer Weise verletzt worden sind, k\u00f6nnen Sie sich bei der Aufsichtsbeh\u00f6rde beschweren. In \u00d6sterreich ist dies die Datenschutzbeh\u00f6rde.<\/p><p>Weitere Informationen zu Ihren Rechten finden Sie u.a. auf der <a href=\"https:\/\/www.wko.at\/datenschutz\/eu-dsgvo-betroffenenrechte\" data-jwlink-type=\"extern\" data-jwlink-identifier=\"https:\/\/www.wko.at\/datenschutz\/eu-dsgvo-betroffenenrechte\" data-jwlink-title=\"\">Webseite der Wirtschaftskammer \u00d6sterreich<\/a>.<\/p><\/div><\/div>\t\t\t\t\t\t\t\t<\/div>\n\t\t\t\t<\/div>\n\t\t\t\t<\/div>\n\t\t\t\t\t<\/div>\n\t\t\t\t<\/div>\n\t\t<div class=\"elementor-element elementor-element-8bea014 e-flex e-con-boxed e-con e-parent\" data-id=\"8bea014\" data-element_type=\"container\" data-e-type=\"container\">\n\t\t\t\t\t<div class=\"e-con-inner\">\n\t\t<div class=\"elementor-element elementor-element-4d066e4 e-con-full e-flex e-con e-child\" data-id=\"4d066e4\" data-element_type=\"container\" data-e-type=\"container\">\n\t\t\t\t<div class=\"elementor-element elementor-element-0daab9b elementor-widget elementor-widget-heading\" data-id=\"0daab9b\" data-element_type=\"widget\" data-e-type=\"widget\" data-widget_type=\"heading.default\">\n\t\t\t\t<div class=\"elementor-widget-container\">\n\t\t\t\t\t<h2 class=\"elementor-heading-title elementor-size-default\">Allgemeine Auftragsbedingungen<\/h2>\t\t\t\t<\/div>\n\t\t\t\t<\/div>\n\t\t\t\t<\/div>\n\t\t<div class=\"elementor-element elementor-element-077179c e-con-full e-flex e-con e-child\" data-id=\"077179c\" data-element_type=\"container\" data-e-type=\"container\">\n\t\t\t\t<div class=\"elementor-element elementor-element-d5ee366 elementor-widget elementor-widget-text-editor\" data-id=\"d5ee366\" data-element_type=\"widget\" data-e-type=\"widget\" data-widget_type=\"text-editor.default\">\n\t\t\t\t<div class=\"elementor-widget-container\">\n\t\t\t\t\t\t\t\t\t<p>Informationen zu unseren allgemeinen Auftragsbedingungen (AAB) stellen wir auf Anfrage gerne zur Verf\u00fcgung.<\/p>\t\t\t\t\t\t\t\t<\/div>\n\t\t\t\t<\/div>\n\t\t\t\t<\/div>\n\t\t\t\t\t<\/div>\n\t\t\t\t<\/div>\n\t\t<div class=\"elementor-element elementor-element-a3b3782 e-flex e-con-boxed e-con e-parent\" data-id=\"a3b3782\" data-element_type=\"container\" data-e-type=\"container\">\n\t\t\t\t\t<div class=\"e-con-inner\">\n\t\t\t\t<div class=\"elementor-element elementor-element-02bd7de elementor-widget elementor-widget-image\" data-id=\"02bd7de\" data-element_type=\"widget\" data-e-type=\"widget\" data-widget_type=\"image.default\">\n\t\t\t\t<div class=\"elementor-widget-container\">\n\t\t\t\t\t\t\t\t\t\t\t\t\t\t\t\t<a href=\"https:\/\/knopper-steuerberatung.at\/\">\n\t\t\t\t\t\t\t<img fetchpriority=\"high\" decoding=\"async\" width=\"300\" height=\"204\" src=\"https:\/\/knopper-steuerberatung.at\/wp-content\/uploads\/2025\/01\/240924_Knopper_Webdesign-300x204.png\" class=\"attachment-medium size-medium wp-image-123\" alt=\"\" srcset=\"https:\/\/knopper-steuerberatung.at\/wp-content\/uploads\/2025\/01\/240924_Knopper_Webdesign-300x204.png 300w, https:\/\/knopper-steuerberatung.at\/wp-content\/uploads\/2025\/01\/240924_Knopper_Webdesign-1024x697.png 1024w, https:\/\/knopper-steuerberatung.at\/wp-content\/uploads\/2025\/01\/240924_Knopper_Webdesign-768x523.png 768w, https:\/\/knopper-steuerberatung.at\/wp-content\/uploads\/2025\/01\/240924_Knopper_Webdesign.png 1038w\" sizes=\"(max-width: 300px) 100vw, 300px\" \/>\t\t\t\t\t\t\t\t<\/a>\n\t\t\t\t\t\t\t\t\t\t\t\t\t\t\t<\/div>\n\t\t\t\t<\/div>\n\t\t\t\t\t<\/div>\n\t\t\t\t<\/div>\n\t\t\t\t<\/div>\n\t\t","protected":false},"excerpt":{"rendered":"<p>Impressum Offenlegung gem\u00e4\u00df \u00a7 5 E-Commerce-Gesetz Steuerberater und Wirtschaftsreuh\u00e4nderMMag. Martin Knopper Grieskai 568020 Graz Unternehmensform: Einzelunternehmen Gerichtsstand Graz Tel.: +43\u00a0316 38 60 97WT-Code: 230061UID: ATU79946025 Kammerzugeh\u00f6rigkeit: Kammer der Steuerberater:innen und Wirtschatspr\u00fcfer:innenStandesrecht: WTBG 2017, abrufbar unter www.ris.bka.gv.at Die Webseite beinhaltet unpolitische Informationen, die das Steuer, Sozial- und Wirtschaftsrecht zum Inhalt haben und die sich vorwiegend an [&hellip;]<\/p>\n","protected":false},"author":1,"featured_media":0,"parent":0,"menu_order":0,"comment_status":"closed","ping_status":"closed","template":"","meta":{"footnotes":""},"class_list":["post-270","page","type-page","status-publish","hentry","entry"],"_links":{"self":[{"href":"https:\/\/knopper-steuerberatung.at\/index.php?rest_route=\/wp\/v2\/pages\/270","targetHints":{"allow":["GET"]}}],"collection":[{"href":"https:\/\/knopper-steuerberatung.at\/index.php?rest_route=\/wp\/v2\/pages"}],"about":[{"href":"https:\/\/knopper-steuerberatung.at\/index.php?rest_route=\/wp\/v2\/types\/page"}],"author":[{"embeddable":true,"href":"https:\/\/knopper-steuerberatung.at\/index.php?rest_route=\/wp\/v2\/users\/1"}],"replies":[{"embeddable":true,"href":"https:\/\/knopper-steuerberatung.at\/index.php?rest_route=%2Fwp%2Fv2%2Fcomments&post=270"}],"version-history":[{"count":14,"href":"https:\/\/knopper-steuerberatung.at\/index.php?rest_route=\/wp\/v2\/pages\/270\/revisions"}],"predecessor-version":[{"id":1341,"href":"https:\/\/knopper-steuerberatung.at\/index.php?rest_route=\/wp\/v2\/pages\/270\/revisions\/1341"}],"wp:attachment":[{"href":"https:\/\/knopper-steuerberatung.at\/index.php?rest_route=%2Fwp%2Fv2%2Fmedia&parent=270"}],"curies":[{"name":"wp","href":"https:\/\/api.w.org\/{rel}","templated":true}]}}